{"id":38,"date":"2009-11-03T10:22:49","date_gmt":"2009-11-03T03:22:49","guid":{"rendered":"http:\/\/www.mandelkern-design.com\/site\/?page_id=38"},"modified":"2011-04-03T22:37:53","modified_gmt":"2011-04-03T15:37:53","slug":"art-in-love","status":"publish","type":"page","link":"http:\/\/www.mandelkern-design.com\/site\/kollektionen\/art-in-love\/","title":{"rendered":"Art In Love"},"content":{"rendered":"<p>Mit seinem im Jahr 1966 entworfenen Kunstbild \u201eLOVE\u201c f\u00fcr das \u201eMuseum of Modern Art\u201c in New York, schuf der amerikanische Pop-Art-K\u00fcnstler Robert Indiana ein weltber\u00fchmtes Meisterwerk. Die einpr\u00e4gsame Komposition und Reduktion auf das Wesentliche der 4 gleichgro\u00dfen Buchstaben, die sich nahtlos ber\u00fchren, au\u00dfer dem gekippten \u201eO\u201c, war und ist noch heute eine emotionale Botschaft, die weltweit Kunst, Politik, Religion und Erotik symbolhaft verbindet. Dieses \u201eEin-Wort-Gedicht\u201c hat MANDELKERN mit Erlaubnis des K\u00fcnstlers neu interpretiert und in die \u201eART IN LOVE\u201c Kollektion einflie\u00dfen lassen.<\/p>\n<p>Die gesamte Kollektion besteht aus reinem 925 Sterling Silber und wurde auf h\u00f6chstem Qualit\u00e4tsniveau vom Design bis hin zur Produktion in Europa gefertigt. Eingesetzt und verarbeitet werden nur handverlesene  Edelsteine aus zentraleurop\u00e4ischen Gebirgen, die ihren besonderen Glanz und ihre einzigartige Form durch ein spezielles Handschliffverfahren in Deutschland erhalten.<\/p>\n","protected":false},"excerpt":{"rendered":"<p>Mit seinem im Jahr 1966 entworfenen Kunstbild \u201eLOVE\u201c f\u00fcr das \u201eMuseum of Modern Art\u201c in New York, schuf der amerikanische Pop-Art-K\u00fcnstler Robert Indiana ein weltber\u00fchmtes Meisterwerk. Die einpr\u00e4gsame Komposition und Reduktion auf das Wesentliche der 4 gleichgro\u00dfen Buchstaben, die sich nahtlos ber\u00fchren, au\u00dfer dem gekippten \u201eO\u201c, war und ist noch heute eine emotionale Botschaft, die [&hellip;]<\/p>\n","protected":false},"author":1,"featured_media":0,"parent":225,"menu_order":20,"comment_status":"open","ping_status":"closed","template":"page-collections.php","meta":{"ngg_post_thumbnail":0,"footnotes":""},"class_list":["post-38","page","type-page","status-publish","hentry"],"_links":{"self":[{"href":"http:\/\/www.mandelkern-design.com\/site\/wp-json\/wp\/v2\/pages\/38","targetHints":{"allow":["GET"]}}],"collection":[{"href":"http:\/\/www.mandelkern-design.com\/site\/wp-json\/wp\/v2\/pages"}],"about":[{"href":"http:\/\/www.mandelkern-design.com\/site\/wp-json\/wp\/v2\/types\/page"}],"author":[{"embeddable":true,"href":"http:\/\/www.mandelkern-design.com\/site\/wp-json\/wp\/v2\/users\/1"}],"replies":[{"embeddable":true,"href":"http:\/\/www.mandelkern-design.com\/site\/wp-json\/wp\/v2\/comments?post=38"}],"version-history":[{"count":10,"href":"http:\/\/www.mandelkern-design.com\/site\/wp-json\/wp\/v2\/pages\/38\/revisions"}],"predecessor-version":[{"id":338,"href":"http:\/\/www.mandelkern-design.com\/site\/wp-json\/wp\/v2\/pages\/38\/revisions\/338"}],"up":[{"embeddable":true,"href":"http:\/\/www.mandelkern-design.com\/site\/wp-json\/wp\/v2\/pages\/225"}],"wp:attachment":[{"href":"http:\/\/www.mandelkern-design.com\/site\/wp-json\/wp\/v2\/media?parent=38"}],"curies":[{"name":"wp","href":"https:\/\/api.w.org\/{rel}","templated":true}]}}