{"id":33,"date":"2009-11-03T10:17:26","date_gmt":"2009-11-03T03:17:26","guid":{"rendered":"http:\/\/www.mandelkern-design.com\/site\/?page_id=33"},"modified":"2011-02-27T02:16:20","modified_gmt":"2011-02-26T19:16:20","slug":"true-love-never-dies","status":"publish","type":"page","link":"http:\/\/www.mandelkern-design.com\/site\/kollektionen\/true-love-never-dies\/","title":{"rendered":"True Love Never Dies"},"content":{"rendered":"<p>Mit einer fesselnden Kraft aus Leidenschaft zieht die \u201eTrue Love Never Dies\u201c Kollektion besonders Gro\u00dfstadtrebellen in ihren Bann. Frei von Diktaten interpretiert diese Linie die Unverg\u00e4nglichkeit der Liebe auf eine ganz eigene Art und Weise: L\u00e4ssig und urban mit einem Schub von Rock!<\/p>\n<p>Die gesamte Kollektion besteht aus reinem 925 Sterling Silber und wurde auf h\u00f6chstem Qualit\u00e4tsniveau vom Design bis hin zur Produktion in Europa gefertigt. Durch zwei aufwendige Veredlungsprozesse in Handarbeit erhalten die Produkte einerseits ihren vereisten oder used Look, der jedes Schmuckst\u00fcck zu einem Unikat macht.<\/p>\n","protected":false},"excerpt":{"rendered":"<p>Mit einer fesselnden Kraft aus Leidenschaft zieht die \u201eTrue Love Never Dies\u201c Kollektion besonders Gro\u00dfstadtrebellen in ihren Bann. Frei von Diktaten interpretiert diese Linie die Unverg\u00e4nglichkeit der Liebe auf eine ganz eigene Art und Weise: L\u00e4ssig und urban mit einem Schub von Rock! Die gesamte Kollektion besteht aus reinem 925 Sterling Silber und wurde auf [&hellip;]<\/p>\n","protected":false},"author":1,"featured_media":0,"parent":225,"menu_order":0,"comment_status":"open","ping_status":"closed","template":"page-collections.php","meta":{"ngg_post_thumbnail":0,"footnotes":""},"class_list":["post-33","page","type-page","status-publish","hentry"],"_links":{"self":[{"href":"http:\/\/www.mandelkern-design.com\/site\/wp-json\/wp\/v2\/pages\/33","targetHints":{"allow":["GET"]}}],"collection":[{"href":"http:\/\/www.mandelkern-design.com\/site\/wp-json\/wp\/v2\/pages"}],"about":[{"href":"http:\/\/www.mandelkern-design.com\/site\/wp-json\/wp\/v2\/types\/page"}],"author":[{"embeddable":true,"href":"http:\/\/www.mandelkern-design.com\/site\/wp-json\/wp\/v2\/users\/1"}],"replies":[{"embeddable":true,"href":"http:\/\/www.mandelkern-design.com\/site\/wp-json\/wp\/v2\/comments?post=33"}],"version-history":[{"count":10,"href":"http:\/\/www.mandelkern-design.com\/site\/wp-json\/wp\/v2\/pages\/33\/revisions"}],"predecessor-version":[{"id":274,"href":"http:\/\/www.mandelkern-design.com\/site\/wp-json\/wp\/v2\/pages\/33\/revisions\/274"}],"up":[{"embeddable":true,"href":"http:\/\/www.mandelkern-design.com\/site\/wp-json\/wp\/v2\/pages\/225"}],"wp:attachment":[{"href":"http:\/\/www.mandelkern-design.com\/site\/wp-json\/wp\/v2\/media?parent=33"}],"curies":[{"name":"wp","href":"https:\/\/api.w.org\/{rel}","templated":true}]}}