{"id":15,"date":"2009-10-30T17:31:10","date_gmt":"2009-10-30T10:31:10","guid":{"rendered":"http:\/\/www.mandelkern-design.com\/site\/?page_id=15"},"modified":"2016-09-23T08:53:34","modified_gmt":"2016-09-23T06:53:34","slug":"kontakt","status":"publish","type":"page","link":"http:\/\/www.mandelkern-design.com\/site\/kontakt\/","title":{"rendered":"Kontakt"},"content":{"rendered":"<table border=\"0\" cellspacing=\"0\" cellpadding=\"0\" align=\"left\">\n<tbody>\n<tr>\n<td valign=\"top\">\n<div id=\"column_1\">\n<div id=\"column_text\">\n<p>Mandelkern GmbH<br \/>\nGesch\u00e4ftsf\u00fchrer: J\u00fcrgen Dorsch<\/p>\n<p>Heimburgstrasse\u00a012<br \/>\n81243 M\u00fcnchen \/ Deutschland<\/p>\n<p>Tel: +49 (0) 89 &#8211; 41 61 75 880<\/p>\n<p>Mail: <a href=\"mailto:info@mandelkern-design.com\">info@mandelkern-design.com<\/a><\/p>\n<\/div>\n<\/div>\n<\/td>\n<td valign=\"top\"><\/td>\n<td valign=\"top\"><\/td>\n<\/tr>\n<\/tbody>\n<\/table>\n","protected":false},"excerpt":{"rendered":"<p>Mandelkern GmbH Gesch\u00e4ftsf\u00fchrer: J\u00fcrgen Dorsch Heimburgstrasse\u00a012 81243 M\u00fcnchen \/ Deutschland Tel: +49 (0) 89 &#8211; 41 61 75 880 Mail: info@mandelkern-design.com<\/p>\n","protected":false},"author":1,"featured_media":0,"parent":0,"menu_order":40,"comment_status":"open","ping_status":"closed","template":"","meta":{"ngg_post_thumbnail":0,"footnotes":""},"class_list":["post-15","page","type-page","status-publish","hentry"],"_links":{"self":[{"href":"http:\/\/www.mandelkern-design.com\/site\/wp-json\/wp\/v2\/pages\/15","targetHints":{"allow":["GET"]}}],"collection":[{"href":"http:\/\/www.mandelkern-design.com\/site\/wp-json\/wp\/v2\/pages"}],"about":[{"href":"http:\/\/www.mandelkern-design.com\/site\/wp-json\/wp\/v2\/types\/page"}],"author":[{"embeddable":true,"href":"http:\/\/www.mandelkern-design.com\/site\/wp-json\/wp\/v2\/users\/1"}],"replies":[{"embeddable":true,"href":"http:\/\/www.mandelkern-design.com\/site\/wp-json\/wp\/v2\/comments?post=15"}],"version-history":[{"count":35,"href":"http:\/\/www.mandelkern-design.com\/site\/wp-json\/wp\/v2\/pages\/15\/revisions"}],"predecessor-version":[{"id":652,"href":"http:\/\/www.mandelkern-design.com\/site\/wp-json\/wp\/v2\/pages\/15\/revisions\/652"}],"wp:attachment":[{"href":"http:\/\/www.mandelkern-design.com\/site\/wp-json\/wp\/v2\/media?parent=15"}],"curies":[{"name":"wp","href":"https:\/\/api.w.org\/{rel}","templated":true}]}}